{"id":60,"date":"2023-12-23T12:31:35","date_gmt":"2023-12-23T11:31:35","guid":{"rendered":"https:\/\/retrouvetoi.fr\/?page_id=60"},"modified":"2023-12-23T12:31:35","modified_gmt":"2023-12-23T11:31:35","slug":"rdv","status":"publish","type":"page","link":"https:\/\/retrouvetoi.fr\/index.php\/rdv\/","title":{"rendered":"RDV"},"content":{"rendered":"\n<p>Bonjour,<\/p>\n\n\n\n<p>Je me pr\u00e9nomme S\u00e9bastien et je tenais \u00e0 vous remercier d\u2019avoir r\u00e9server une s\u00e9ance d\u2019une part, et d\u2019avoir pris la d\u00e9cision de prendre soin de vous-m\u00eame via cette action.<\/p>\n\n\n\n<p>Je suis vraiment ravis et honorez que vous ayez choisi de me faire confiance pour travailler ensemble.<\/p>\n\n\n\n<p>Je souhaitais vous expliquer succinctement comment la s\u00e9ance allait se d\u00e9rouler.<\/p>\n\n\n\n<p>Je vais vous contacter par t\u00e9l\u00e9phone \u00e0 l\u2019heure du rendez vous et nous allons \u00e9changer durant toute la s\u00e9ance, pendant que je travaille sur vous. Nous allons travailler sur diff\u00e9rent axes, sur la partie physique, subtil, \u00e9motionnel et l\u2019\u00e9tat d\u2019esprit.<\/p>\n\n\n\n<p>En faisant bouger ces axes, nous allons d\u2019activ\u00e9 une pratique holistique dans sa globalit\u00e9.<\/p>\n\n\n\n<p>Avant la s\u00e9ance, je vous invite \u00e0 vous munir d\u2019un stylo et d\u2019un carnet, pour noter des pistes \u00e0 travailler de votre c\u00f4t\u00e9, des r\u00e9flexions \u00e0 poser le moment venu. Et d\u2019avoir \u00e0 disposition une bouteille d\u2019eau pour vous hydrater. Parfois, pour les plus sensibles, des larmes peuvent couler, ou non, et c\u2019est ok, mais rien qu\u2019au cas o\u00f9, pr\u00e9voyez un paquet de mouchoirs.<\/p>\n\n\n\n<p>Durant la s\u00e9ance, n\u2019h\u00e9sitez pas \u00e0 \u00eatre transparent, nous avons tous travers\u00e9 des \u00e9preuves, et il n\u2019y a pas de tabou \u00e0 ce niveau. Ces \u00e9preuves vous ont permis d\u2019\u00eatre la version de vous-m\u00eame \u00e0 ce jour, et qui vous am\u00e8nera \u00e0 une nouvelle version de vous-m\u00eame demain.<\/p>\n\n\n\n<p>Tout ce qui se dira durant la s\u00e9ance restera confidentiel en totalit\u00e9. Sachez \u00e9galement, que je ne conserve aucune note sur la s\u00e9ance.<\/p>\n\n\n\n<p>En effet, pour plusieurs raisons, la premi\u00e8re est que je ne souhaite pas conserver des informations confidentielles et surtout, si nous devions faire une s\u00e9ance en janvier, et que nous devions en refaire une, quelques jours\/semaines plus tard, vous ne serez plus la m\u00eame personne, donc, je pr\u00e9f\u00e8re repartir comme une nouvelle personne en ne conservant aucune note et d\u00e9buter un soin comme une premi\u00e8re.<\/p>\n\n\n\n<p>Durant la s\u00e9ance, vous m\u2019entendrez probablement bailler, ce n\u2019est pas de l\u2019ennui ou de la fatigue, mais simplement un moyen pour d\u00e9charger les charges, donc n\u2019y voyez pas d\u2019offense \u00e0 ce niveau.<\/p>\n\n\n\n<p>Si vous avez des questions, n\u2019h\u00e9sitez pas durant la s\u00e9ance.<\/p>\n\n\n\n<p>A l\u2019issue de la s\u00e9ance, si cela vous appelle, n\u2019h\u00e9sitez pas \u00e0 me donner quelques nouvelles br\u00e8ves par message, par mail.<\/p>\n\n\n\n<p>J\u2019ai hate que la s\u00e9ance d\u00e9bute, et je vous souhaite une belle journ\u00e9e.<\/p>\n\n\n\n<p>@ bient\u00f4t.<\/p>\n","protected":false},"excerpt":{"rendered":"<p>Bonjour, Je me pr\u00e9nomme S\u00e9bastien et je tenais \u00e0 vous remercier d\u2019avoir r\u00e9server une s\u00e9ance d\u2019une part, et d\u2019avoir pris la d\u00e9cision de prendre soin de vous-m\u00eame via cette action. Je suis vraiment ravis et honorez que vous ayez choisi de me faire confiance pour travailler ensemble. Je souhaitais vous expliquer succinctement comment la s\u00e9ance [&hellip;]<\/p>\n","protected":false},"author":1,"featured_media":0,"parent":0,"menu_order":0,"comment_status":"closed","ping_status":"closed","template":"","meta":{"footnotes":""},"class_list":["post-60","page","type-page","status-publish","hentry"],"_links":{"self":[{"href":"https:\/\/retrouvetoi.fr\/index.php\/wp-json\/wp\/v2\/pages\/60","targetHints":{"allow":["GET"]}}],"collection":[{"href":"https:\/\/retrouvetoi.fr\/index.php\/wp-json\/wp\/v2\/pages"}],"about":[{"href":"https:\/\/retrouvetoi.fr\/index.php\/wp-json\/wp\/v2\/types\/page"}],"author":[{"embeddable":true,"href":"https:\/\/retrouvetoi.fr\/index.php\/wp-json\/wp\/v2\/users\/1"}],"replies":[{"embeddable":true,"href":"https:\/\/retrouvetoi.fr\/index.php\/wp-json\/wp\/v2\/comments?post=60"}],"version-history":[{"count":1,"href":"https:\/\/retrouvetoi.fr\/index.php\/wp-json\/wp\/v2\/pages\/60\/revisions"}],"predecessor-version":[{"id":61,"href":"https:\/\/retrouvetoi.fr\/index.php\/wp-json\/wp\/v2\/pages\/60\/revisions\/61"}],"wp:attachment":[{"href":"https:\/\/retrouvetoi.fr\/index.php\/wp-json\/wp\/v2\/media?parent=60"}],"curies":[{"name":"wp","href":"https:\/\/api.w.org\/{rel}","templated":true}]}}