{"id":6,"date":"2023-12-12T17:55:21","date_gmt":"2023-12-12T16:55:21","guid":{"rendered":"https:\/\/retrouvetoi.fr\/?page_id=6"},"modified":"2023-12-22T19:15:58","modified_gmt":"2023-12-22T18:15:58","slug":"programme","status":"publish","type":"page","link":"https:\/\/retrouvetoi.fr\/index.php\/programme\/","title":{"rendered":"Programme de demain"},"content":{"rendered":"\n<div class=\"wp-block-group alignfull has-accent-background-color has-background has-global-padding is-layout-constrained wp-container-core-group-is-layout-669513ed wp-block-group-is-layout-constrained\" style=\"margin-top:0;margin-bottom:0;padding-top:var(--wp--preset--spacing--50);padding-right:var(--wp--preset--spacing--50);padding-bottom:var(--wp--preset--spacing--50);padding-left:var(--wp--preset--spacing--50)\">\n<div class=\"wp-block-columns alignwide is-layout-flex wp-container-core-columns-is-layout-1da03c2a wp-block-columns-is-layout-flex\">\n<div class=\"wp-block-column is-vertically-aligned-stretch is-layout-flow wp-block-column-is-layout-flow\" style=\"flex-basis:50%\">\n<div class=\"wp-block-group is-vertical is-content-justification-stretch is-layout-flex wp-container-core-group-is-layout-444d5ee8 wp-block-group-is-layout-flex\" style=\"min-height:100%\">\n<p><\/p>\n\n\n\n<p class=\"has-text-align-center has-heading-font-family has-x-large-font-size\" style=\"line-height:1.2;text-decoration:underline\"><strong>Semaine 1 :<\/strong><\/p>\n\n\n\n<p class=\"has-heading-font-family has-large-font-size\" style=\"line-height:0.6\">Clair-Audience, 1h <\/p>\n\n\n\n<p class=\"has-heading-font-family has-large-font-size\" style=\"line-height:1.2\">Exercice pratique + blabla <\/p>\n\n\n\n<p class=\"has-text-align-center has-heading-font-family has-x-large-font-size\" style=\"line-height:1.2;text-decoration:underline\"><strong>Semaine 2 :<\/strong><\/p>\n\n\n\n<p class=\"has-heading-font-family has-large-font-size\" style=\"line-height:1.2\">Clair-Ressenti, 1h<\/p>\n\n\n\n<p class=\"has-heading-font-family has-large-font-size\" style=\"line-height:1.2\">Exercice pratique + blabla<\/p>\n\n\n\n<p class=\"has-text-align-center has-heading-font-family has-x-large-font-size\" style=\"text-decoration:underline\"><strong>Semaine 3 :<\/strong><\/p>\n\n\n\n<p class=\"has-heading-font-family has-large-font-size\">Clair-Vision, 1h<\/p>\n\n\n\n<p class=\"has-heading-font-family has-large-font-size\" style=\"line-height:1.2\">Exercice pratique + blabla<\/p>\n\n\n\n<p class=\"has-text-align-center has-heading-font-family has-x-large-font-size\" style=\"line-height:1.2;text-decoration:underline\"><strong>Semaine 4 :<\/strong><\/p>\n\n\n\n<p class=\"has-heading-font-family has-large-font-size\" style=\"line-height:1.2\">Clair Cognition, 1h<\/p>\n\n\n\n<p class=\"has-heading-font-family has-large-font-size\" style=\"line-height:1.2\">Exercice pratique + blabla<\/p>\n\n\n\n<p class=\"has-text-align-center has-heading-font-family has-x-large-font-size\" style=\"text-decoration:underline\"><strong>Semaine 5 :<\/strong><\/p>\n\n\n\n<p class=\"has-heading-font-family has-large-font-size\">Syndrome de l&#8217;imposteur, 1h<\/p>\n\n\n\n<p class=\"has-heading-font-family has-large-font-size\">Culpabilit\u00e9, 1h<\/p>\n\n\n\n<p class=\"has-text-align-center has-heading-font-family has-x-large-font-size\" style=\"text-decoration:underline\"><strong>Semaine 6 : <\/strong><\/p>\n\n\n\n<p class=\"has-heading-font-family has-large-font-size\">Part de responsabilit\u00e9, 1h<\/p>\n\n\n\n<p class=\"has-heading-font-family has-large-font-size\">Symbolique des maladies, 1h<\/p>\n\n\n\n<p class=\"has-text-align-center has-heading-font-family has-x-large-font-size\" style=\"text-decoration:underline\"><strong>Semaine 7 :<\/strong><\/p>\n\n\n\n<p class=\"has-heading-font-family has-large-font-size\">Hypersensibilit\u00e9, 1h<\/p>\n\n\n\n<p class=\"has-heading-font-family has-large-font-size\">Coque + Nettoyage Maison +  Protection maison, 1h<\/p>\n\n\n\n<p class=\"has-text-align-center has-heading-font-family has-x-large-font-size\" style=\"text-decoration:underline\"><strong>Semaine 8 :<\/strong><\/p>\n\n\n\n<p class=\"has-heading-font-family has-large-font-size\">Loi de l&#8217;attraction 1h<\/p>\n\n\n\n<p class=\"has-heading-font-family has-large-font-size\">Vibration + Exercices<\/p>\n\n\n\n<p class=\"has-text-align-center has-heading-font-family has-x-large-font-size\" style=\"text-decoration:underline\"><strong>Semaine 9 :<\/strong><\/p>\n\n\n\n<p class=\"has-heading-font-family has-large-font-size\">Procrastination<\/p>\n\n\n\n<p class=\"has-heading-font-family has-large-font-size\">Atelier cr\u00e9ation auto-entrepreneur ?<\/p>\n\n\n\n<p><\/p>\n<\/div>\n\n\n\n<p class=\"has-x-large-font-size\"><strong> <\/strong><\/p>\n\n\n\n<p><\/p>\n\n\n\n<p><\/p>\n\n\n\n<p><\/p>\n\n\n\n<p><\/p>\n\n\n\n<p> <\/p>\n\n\n\n<div class=\"wp-block-group is-vertical is-content-justification-stretch is-layout-flex wp-container-core-group-is-layout-444d5ee8 wp-block-group-is-layout-flex\" style=\"min-height:100%\">\n<p><\/p>\n\n\n\n<p class=\"wp-container-content-0733e5d0\"><\/p>\n\n\n\n<div class=\"wp-block-group has-global-padding is-content-justification-left is-layout-constrained wp-container-core-group-is-layout-9fe8ed88 wp-block-group-is-layout-constrained\">\n<div class=\"wp-block-buttons is-layout-flex wp-block-buttons-is-layout-flex\">\n<div class=\"wp-block-button\"><a class=\"wp-block-button__link wp-element-button\">A propos de nous<\/a><\/div>\n<\/div>\n<\/div>\n<\/div>\n<\/div>\n\n\n\n<div class=\"wp-block-column is-vertically-aligned-center is-layout-flow wp-block-column-is-layout-flow\" style=\"flex-basis:50%\">\n<p><\/p>\n\n\n\n<p><\/p>\n\n\n\n<p><\/p>\n\n\n\n<p><\/p>\n\n\n\n<p><\/p>\n\n\n\n<p><\/p>\n\n\n\n<p><\/p>\n\n\n\n<p><\/p>\n\n\n\n<p><\/p>\n\n\n\n<p><\/p>\n\n\n\n<p><\/p>\n\n\n\n<p><\/p>\n\n\n\n<p><\/p>\n\n\n\n<p><\/p>\n\n\n\n<p><\/p>\n\n\n\n<p><\/p>\n\n\n\n<p><\/p>\n\n\n\n<p><\/p>\n\n\n\n<p><\/p>\n\n\n\n<p><\/p>\n\n\n\n<p><\/p>\n\n\n\n<p><\/p>\n\n\n\n<p><\/p>\n\n\n\n<p><\/p>\n\n\n\n<p><\/p>\n\n\n\n<p><\/p>\n\n\n\n<p><\/p>\n\n\n\n<p><\/p>\n\n\n\n<p><\/p>\n\n\n\n<p><\/p>\n\n\n\n<p><\/p>\n\n\n\n<p><\/p>\n\n\n\n<p><\/p>\n\n\n\n<p><\/p>\n\n\n\n<p><\/p>\n\n\n\n<p><\/p>\n\n\n\n<p><\/p>\n\n\n\n<p><\/p>\n\n\n\n<p><\/p>\n\n\n\n<p><\/p>\n\n\n\n<p><\/p>\n\n\n\n<p class=\"has-heading-font-family\">En attente :<\/p>\n\n\n\n<p class=\"has-text-align-center has-heading-font-family has-x-large-font-size\"><strong>En live : <\/strong><\/p>\n\n\n\n<p class=\"has-heading-font-family\">Instant de m\u00e9ditation,<\/p>\n\n\n\n<p class=\"has-heading-font-family\">Poser un leurre,<\/p>\n\n\n\n<p class=\"has-heading-font-family\">Atelier creation auto-entrepreneur ?<\/p>\n\n\n\n<p class=\"has-heading-font-family\">Voyage sonore (\u00e0 voir retour sur TLF)<\/p>\n\n\n\n<p class=\"has-text-align-center has-heading-font-family has-x-large-font-size\"><strong>En pr\u00e9sentiel : <\/strong><\/p>\n\n\n\n<p class=\"has-heading-font-family\">Entit\u00e9s, <\/p>\n\n\n\n<p class=\"has-heading-font-family\">Pri\u00e8re de feux \/ Sang, <\/p>\n\n\n\n<p class=\"has-heading-font-family\">Cocote \u00e9motionnelle,<\/p>\n\n\n\n<p class=\"has-heading-font-family\">Voyage Sonore ?<\/p>\n\n\n\n<p class=\"has-text-align-center has-heading-font-family has-x-large-font-size\"><strong>Collaboration ?<\/strong><\/p>\n\n\n\n<p class=\"has-heading-font-family\">Ornella : Voyage sonore<\/p>\n\n\n\n<p class=\"has-heading-font-family\">Myriam : M\u00e9diumnit\u00e9 ?<\/p>\n\n\n\n<p class=\"has-heading-font-family\">??? : Relecture<\/p>\n\n\n\n<p class=\"has-text-align-center has-heading-font-family has-x-large-font-size\"><strong>Communication ?<\/strong><\/p>\n\n\n\n<p class=\"has-heading-font-family\">Publicit\u00e9, FB\/Insta\/Google\/newsletter\/wellbeing\/conf\u00e9rence en live\/cadeau de la premi\u00e8re avec inscription ? Parrainage ?<\/p>\n\n\n\n<p class=\"has-text-align-center has-heading-font-family has-x-large-font-size\"><strong>Pour Qui ?<\/strong><\/p>\n\n\n\n<p class=\"has-heading-font-family\">D\u00e9finir \u00e0 qui s&#8217;adresse cette formation ?<\/p>\n\n\n\n<p class=\"has-text-align-center has-heading-font-family has-x-large-font-size\"><strong>Prix ?<\/strong><\/p>\n\n\n\n<p class=\"has-heading-font-family\">2 Jours de pr\u00e9sentiel (14h) + Logement ? + X heures : 1 000 pour 3 mois (12 x 2h) ?<\/p>\n\n\n\n<p class=\"has-heading-font-family\">Estimation du co\u00fbt si accompagnement.<\/p>\n\n\n\n<p class=\"has-text-align-center has-heading-font-family has-x-large-font-size\"><strong>Nombre Maximum ?<\/strong><\/p>\n\n\n\n<p class=\"has-heading-font-family\">Brut : pas de maximum. <\/p>\n\n\n\n<p class=\"has-text-align-center has-heading-font-family has-x-large-font-size\">Autres ?<\/p>\n\n\n\n<p class=\"has-heading-font-family\">Attestation de suivi avec questionnaire \u00e0 compl\u00e9ter ?<\/p>\n\n\n\n<p class=\"has-heading-font-family\">Date de lancement ?  <\/p>\n\n\n\n<p class=\"has-text-align-center has-heading-font-family has-x-large-font-size\">A ajouter dans les semaines :<\/p>\n\n\n\n<ul class=\"wp-block-list\">\n<li>Notion de miroir d&#8217;un masque que tu porte pour les autres. Comment \u00eatre fier d&#8217;un masque que l&#8217;on porte pour les autres de fa\u00e7on consciente ou inconsciente. On doit abandonner ce masque et se retrouver soit, et l\u00e0 les choses changent votre entourage changent, vous ouvrez votre propre champs des possibilit\u00e9s,<\/li>\n<\/ul>\n\n\n\n<ul class=\"wp-block-list\">\n<li>4 exercices par semaine \u00e0 faire en type m\u00e9ditation \u00e0 faire r\u00e9guli\u00e8rement, le matin, le soir. Avec 2 options joker par semaine de je ne fais rien.<\/li>\n<\/ul>\n<\/div>\n<\/div>\n<\/div>\n\n\n\n\n\n<p><\/p>\n","protected":false},"excerpt":{"rendered":"<p>Semaine 1 : Clair-Audience, 1h Exercice pratique + blabla Semaine 2 : Clair-Ressenti, 1h Exercice pratique + blabla Semaine 3 : Clair-Vision, 1h Exercice pratique + blabla Semaine 4 : Clair Cognition, 1h Exercice pratique + blabla Semaine 5 : Syndrome de l&#8217;imposteur, 1h Culpabilit\u00e9, 1h Semaine 6 : Part de responsabilit\u00e9, 1h Symbolique des [&hellip;]<\/p>\n","protected":false},"author":1,"featured_media":0,"parent":0,"menu_order":0,"comment_status":"closed","ping_status":"closed","template":"","meta":{"footnotes":""},"class_list":["post-6","page","type-page","status-publish","hentry"],"_links":{"self":[{"href":"https:\/\/retrouvetoi.fr\/index.php\/wp-json\/wp\/v2\/pages\/6","targetHints":{"allow":["GET"]}}],"collection":[{"href":"https:\/\/retrouvetoi.fr\/index.php\/wp-json\/wp\/v2\/pages"}],"about":[{"href":"https:\/\/retrouvetoi.fr\/index.php\/wp-json\/wp\/v2\/types\/page"}],"author":[{"embeddable":true,"href":"https:\/\/retrouvetoi.fr\/index.php\/wp-json\/wp\/v2\/users\/1"}],"replies":[{"embeddable":true,"href":"https:\/\/retrouvetoi.fr\/index.php\/wp-json\/wp\/v2\/comments?post=6"}],"version-history":[{"count":32,"href":"https:\/\/retrouvetoi.fr\/index.php\/wp-json\/wp\/v2\/pages\/6\/revisions"}],"predecessor-version":[{"id":57,"href":"https:\/\/retrouvetoi.fr\/index.php\/wp-json\/wp\/v2\/pages\/6\/revisions\/57"}],"wp:attachment":[{"href":"https:\/\/retrouvetoi.fr\/index.php\/wp-json\/wp\/v2\/media?parent=6"}],"curies":[{"name":"wp","href":"https:\/\/api.w.org\/{rel}","templated":true}]}}