{"id":58,"date":"2023-12-22T20:24:44","date_gmt":"2023-12-22T19:24:44","guid":{"rendered":"https:\/\/retrouvetoi.fr\/?page_id=58"},"modified":"2023-12-22T20:24:44","modified_gmt":"2023-12-22T19:24:44","slug":"monde-blanc-et-comite-de-soi","status":"publish","type":"page","link":"https:\/\/retrouvetoi.fr\/index.php\/monde-blanc-et-comite-de-soi\/","title":{"rendered":"Monde blanc et comit\u00e9 de soi"},"content":{"rendered":"\n<p>Bonjour,<\/p>\n\n\n\n<p>Comme pr\u00e9vu, une petite vid\u00e9o sur le comit\u00e9 des mini moi.<\/p>\n\n\n\n<p>Mais, avant tout, on va se poser, calmer le mental et nous allons monter dans le Monde blanc. C\u2019est ce que vous avez vu en stage avec Matthieu.<\/p>\n\n\n\n<p>Pour rappel, on pose sa coque, on se fait deux grandes inspirations, et forc\u00e9ment deux grandes expirations. Et, on allonge son corps astral d\u2019abord au dessus de soi puis au dessus de votre logement, on continue \u00e0 monter dans les nuages, dans l\u2019espace, etc\u2026 Jusqu\u2019\u00e0 un moment ou vous allez \u00eatre comme bloqu\u00e9 et l\u00e0, n\u2019h\u00e9sitez pas \u00e0 encore forc\u00e9 un peu ce plafond qui c\u00e8de assez facilement, pour arriver dans un monde blanc. Dans ce monde blanc, tout ce que vous visualiser se r\u00e9alise imm\u00e9diatement, donc vous allez visualiser un sofa, un sofa qui va \u00e9pouser chaque partie de votre corps pour vous ressourcer.<\/p>\n\n\n\n<p>Et vous allez rester durant 3 minutes pour vous recharger, pour monter en onde beaucoup plus haute que le beta. Apr\u00e8s, ces 3 minutes, je vous guiderais pour ouvrir un peu vos canaux de perceptions. N\u2019h\u00e9sitez pas \u00e0 r\u00e9peter les phrases avec votre c\u0153ur de fa\u00e7on tr\u00e8s sinc\u00e8re. Il faut que \u00e7a raisonne en vous, que \u00e7a vibre \u00e0 chaque mot. Sans pression, juste avec c\u0153ur, et si vous n\u2019\u00eates pas l\u00e0 haut \u00e0 ce moment, r\u00e9petez ces paroles en vous, c\u2019est parfaitement ok.<\/p>\n\n\n\n<p>Si vous faites des allers retours, c\u2019est normal au d\u00e9but, donc, ne lachez pas, et vous remontez tranquillement. Certains, utilisent directement un syst\u00e8me d\u2019ascensseur, ou en 3 secondes ils arrivent dans le monde blanc, d\u2019autres, utilise comme une mongoflire, D\u2019autres montent \u00e0 chaque inspiration, se stabiliser \u00e0 chaque expiration. Bref, utiliser ce qui vous convient pour monter et vous poser l\u00e0 haut, et vous trouverez la meilleure m\u00e9thode au fur et \u00e0 mesure \u00e0 force de jouer.<\/p>\n\n\n\n<p>Votre corps physique \u00e9tant prot\u00e9g\u00e9s par votre coque, pas de danger. Quand, vous reviendrez, vous v\u00e9rifirez que votre corps s\u2019est bien emboit\u00e9, tete contre tete, bras, buste, jambe, comme ce que vous avez pu voir chez Matthieu, lorsqu\u2019on r\u00e9cup\u00e8re notre corps astral par les \u00e9paules.<\/p>\n\n\n\n<p>Une fois \u00e7a fait, \u00e7a dure 5 minutes. Cette excercice, vous pouvez le faire de vous-m\u00eame assez r\u00e9guli\u00e8rement, pour vous poser un peu +.<\/p>\n\n\n\n<p>Et apr\u00e8s, coup, nous allons faire un comit\u00e9 de mini-vous. Je vous guiderais au fur et \u00e0 mesure, mais pour que le mental ne vienne pas luter durant tous l\u2019excercice, je vais vous donner le plan.<\/p>\n\n\n\n<p>Vous allez vous projeter \u00e0 un endroit o\u00f9 vous \u00eates bien, cela peut \u00eatre la montagne, la plage, dans la for\u00eat, en pleine nature, peu importe le lieu. Vous allez faire un comit\u00e9 de vous-m\u00eame, vous allez appeler l\u2019ensemble de vos intelligences, de vos mini-moi, et ils vont se mettre en cercle, et vous allez faire parti de ce cercle, comme dans une cour d\u2019\u00e9cole. Et vous allez demandez dans ce cercle, vous allez peut etre voir des silouettes, peut etre des mini vous \u00e0 diff\u00e9rents ages, et vous allez demandez quelle est la partie la plus importante de moi-m\u00eame qui m\u2019autosabote, qui m\u2019empeche d\u2019aller le plus dans ma r\u00e9alisation, qui vous freine lorsque vous souhaitez vous lancer dans ce qui vous anime.<\/p>\n\n\n\n<p>Vous allez peut etre ressentir qu\u2019au sein du comit\u00e9, une personne est un peu + abim\u00e9, et vous allez soi aller la voir, soit lui demander de venir, vous allez lui tendre les mains, c\u2019est comme si c\u2019\u00e9tait votre enfant \u00e0 l\u2019int\u00e9rieur de vous. Vous allez pouvoir discuter avec ce mini-moi, vous allez l\u2019\u00e9couter pour certains, lui posez des questions, et vous allez en m\u00eame temps, vous connectez pour aller lui lib\u00e9rez les charges de la cocotte \u00e9motionnelle, en lui posant les tubes au niveau chakra c\u0153ur et chakra gorge, donne-moi toutes ces charges, qu\u2019est ce qui s\u2019est pass\u00e9, qu\u2019est ce qui a g\u00e9n\u00e9r\u00e9 tout \u00e7a, donne moi cette tristesse. Vous allez le liberez et en meme temp, vous retrouvez de plus en plus ici.<\/p>\n\n\n\n<p>Donnez-lui ces autorisations, si ce mini moi est seul, sans habit, recroqueviller, agissez comme une vrai maman\/ un vrai papa, a l\u2019habiller, l\u2019\u00e9couter, \u00e0 lui lib\u00e9rer de ces charges. Vous pouvez lui parler, ou simplement l\u2019aider \u00e0 d\u00e9charger ces charges en vidant sa cocote \u00e9motionnelle.<\/p>\n\n\n\n<p>Si vous tombez sur un mini moi rejeter, seule, n\u2019h\u00e9sitez pas l\u2019invit\u00e9 dans le cercle, en lui donnant l\u2019autorisation d\u2019\u00eatre l\u00e0, il a toute sa place, il n\u2019a pas \u00e0 s\u2019effacer, il n\u2019a pas \u00e0 se cacher derri\u00e8re une personne, etc\u2026.<\/p>\n\n\n\n<p>Vous vous \u00eates liberez de cette dualit\u00e9 en vous, de ces incoh\u00e9rences interne, et ce de fa\u00e7on autonome.<\/p>\n\n\n\n<p>Vous allez vous r\u00e9conciliez avec des parties de vous m\u00eame, c\u2019est peut etre, le rameur qui vous frenait, c\u2019est l\u2019image de 6 rameurs, 3 qui veulent avancer, et 3 qui pagaie \u00e0 l\u2019envers. Celui que vous aurez aidez \u00e0 se retrouver sera peut etre celui qui va vous aider \u00e0 avancer, et vous serez 4 \u00e0 avancer, et deux qui voudront reculer, mais ils se mettront au diapason et vous aiderons \u00e0 vous d\u00e9passer sur votre chemin. Une nouvelle mise \u00e0 jour de vous-m\u00eame.<\/p>\n\n\n\n<p>Je vous invite \u00e0 renouveller cet excercice si cela vous appelle, soit simplement la premi\u00e8re partie avec la m\u00e9diation du monde blanc, soit les deux combin\u00e9s pour vous retrouvez avec une nouvelle version de vous-m\u00eame \u00e0 chaque fois de vous-m\u00eame.<\/p>\n","protected":false},"excerpt":{"rendered":"<p>Bonjour, Comme pr\u00e9vu, une petite vid\u00e9o sur le comit\u00e9 des mini moi. Mais, avant tout, on va se poser, calmer le mental et nous allons monter dans le Monde blanc. C\u2019est ce que vous avez vu en stage avec Matthieu. Pour rappel, on pose sa coque, on se fait deux grandes inspirations, et forc\u00e9ment deux [&hellip;]<\/p>\n","protected":false},"author":1,"featured_media":0,"parent":0,"menu_order":0,"comment_status":"closed","ping_status":"closed","template":"","meta":{"footnotes":""},"class_list":["post-58","page","type-page","status-publish","hentry"],"_links":{"self":[{"href":"https:\/\/retrouvetoi.fr\/index.php\/wp-json\/wp\/v2\/pages\/58","targetHints":{"allow":["GET"]}}],"collection":[{"href":"https:\/\/retrouvetoi.fr\/index.php\/wp-json\/wp\/v2\/pages"}],"about":[{"href":"https:\/\/retrouvetoi.fr\/index.php\/wp-json\/wp\/v2\/types\/page"}],"author":[{"embeddable":true,"href":"https:\/\/retrouvetoi.fr\/index.php\/wp-json\/wp\/v2\/users\/1"}],"replies":[{"embeddable":true,"href":"https:\/\/retrouvetoi.fr\/index.php\/wp-json\/wp\/v2\/comments?post=58"}],"version-history":[{"count":1,"href":"https:\/\/retrouvetoi.fr\/index.php\/wp-json\/wp\/v2\/pages\/58\/revisions"}],"predecessor-version":[{"id":59,"href":"https:\/\/retrouvetoi.fr\/index.php\/wp-json\/wp\/v2\/pages\/58\/revisions\/59"}],"wp:attachment":[{"href":"https:\/\/retrouvetoi.fr\/index.php\/wp-json\/wp\/v2\/media?parent=58"}],"curies":[{"name":"wp","href":"https:\/\/api.w.org\/{rel}","templated":true}]}}