{"id":54,"date":"2023-12-21T19:19:41","date_gmt":"2023-12-21T18:19:41","guid":{"rendered":"https:\/\/retrouvetoi.fr\/?page_id=54"},"modified":"2023-12-23T21:57:15","modified_gmt":"2023-12-23T20:57:15","slug":"clairaudience","status":"publish","type":"page","link":"https:\/\/retrouvetoi.fr\/index.php\/clairaudience\/","title":{"rendered":"clairaudience"},"content":{"rendered":"\n<p>CLAIR AUDIENCE<\/p>\n\n\n\n<p>K\u00e9sako\u00a0? <\/p>\n\n\n\n<p>En quelques mots, la clairaudience est li\u00e9e au&nbsp;<strong>sens de l\u2019audition<\/strong>. Un&nbsp;<strong>don extrasensoriel<\/strong>&nbsp;qui passe par l\u2019ou\u00efe. De mani\u00e8re g\u00e9n\u00e9rale, elle est associ\u00e9e aux m\u00e9diums et aux chamans. Pourtant, tout individu peut poss\u00e9der ce pouvoir qui se nourrit des bruits, des sons et de la musique.<\/p>\n\n\n\n<p>A noter, qu\u2019il peut y avoir plusieurs \u00ab&nbsp;voix&nbsp;\u00bb&nbsp;:<\/p>\n\n\n\n<p>Mental\/Intuition\/et la Clairaudience.<\/p>\n\n\n\n<p>La voix mentale&nbsp;: c\u2019est lourd, tr\u00e8s basique, c\u2019est le pass\u00e9, le futur, c\u2019est le mode Beta.<\/p>\n\n\n\n<p>La voix intuition et clairaudience, c\u2019est comme si c\u2019\u00e9tait notre voix int\u00e9rieure dans notre t\u00eate, mais la teneur du message est vraiment profonde, empli de paix. Parfois, on a l\u2019impression que c\u2019est une personne qui nous parle r\u00e9ellement. Mais, la teneur des propos, est toujours tr\u00e8s chouette, dans une r\u00e9alit\u00e9 pr\u00e9sente.<\/p>\n\n\n\n<p>Comment savoir si on est clairaudiant&nbsp;? Il est pas n\u00e9cessaire d\u2019avoir tout ces indices, c\u2019est juste un faiseau. Perso, je n\u2019ai pas tous ces points, et j\u2019ai quelques notion de clairaudiance.<\/p>\n\n\n\n<ol class=\"wp-block-list\" start=\"1\">\n<li><strong>La place des instruments de musique dans votre vie<\/strong>. Vous avez l\u2019oreille musicale, connue \u00e9galement sous les noms d\u2019oreille absolue ou d\u2019oreille universelle. Les instruments de musique vous sont familiers, et vous les ma\u00eetrisez avec une grande facilit\u00e9. Vous devez cela \u00e0 votre capacit\u00e9 \u00e0 reconna\u00eetre les notes de musiques et les sons de mani\u00e8re instinctive.&nbsp;<\/li>\n\n\n\n<li><strong>Des soins \u00e9nerg\u00e9tiques rythm\u00e9s par la musique<\/strong>. Vous int\u00e9grez la musique dans vos s\u00e9ances de soins, de m\u00e9ditation et dans vos pratiques \u00e9nerg\u00e9tiques. Pour exploiter tout votre potentiel cr\u00e9atif, vous vous tournez vers la musique.&nbsp;<\/li>\n\n\n\n<li><strong>L\u2019importance des affirmations\/mantras<\/strong>. Pour trouver de l\u2019inspiration, de la motivation et du r\u00e9confort, vous vous fiez \u00e0 la puissance des mantras et des affirmations.&nbsp;<\/li>\n\n\n\n<li><strong>L\u2019importance des textes \u00e9crits<\/strong>. Vous \u00eates attentif.ve au sens des mots, que vous choisissez avec soins. Vous aimez d\u2019ailleurs particuli\u00e8rement les textes bien \u00e9crits.&nbsp;<\/li>\n\n\n\n<li><strong>L\u2019univers po\u00e9tique comme preuve de votre clairaudience<\/strong>. La po\u00e9sie et l\u2019art oral (mythes, l\u00e9gendes, croyances) vous transcendent et vous attirent.<\/li>\n\n\n\n<li><strong>L\u2019ou\u00efe est votre principal alli\u00e9<\/strong>. Lors des p\u00e9riodes contemplatives, vous \u00eates automatiquement r\u00e9ceptif.ve aux bruits et aux sons qui vous entourent.&nbsp;<\/li>\n\n\n\n<li><strong>L\u2019apprentissage \u00e0 travers l\u2019audio<\/strong>. Vous pr\u00e9f\u00e9rez les contenus audios et les podcasts pour mieux assimiler des connaissances.&nbsp;<\/li>\n\n\n\n<li><strong>L\u2019int\u00e9r\u00eat pour les \u00e9nergies per\u00e7ues dans la voix<\/strong>. Vous \u00eates particuli\u00e8rement alerte face \u00e0 la tonalit\u00e9 de la voix et \u00e0 l\u2019\u00e9nergie qui peut \u00eatre transmise lorsqu\u2019une personne vous parle.&nbsp;<\/li>\n\n\n\n<li><strong>La pr\u00e9sence d\u2019une petite voix int\u00e9rieure<\/strong>. Un v\u00e9ritable dialogue se cr\u00e9e en vous. Cette voix vous murmure \u00e0 l\u2019oreille des messages essentiels \u00e0 votre processus de ressourcement et d\u2019\u00e9volution.&nbsp; M\u00eame si celle-ci peut \u00eatre prise aussi pour la petite voix du mental.<\/li>\n\n\n\n<li><strong>Votre grande capacit\u00e9 de m\u00e9morisation auditive<\/strong>. Le dernier signe de la clairaudience est la facilit\u00e9 d\u00e9concertante \u00e0 retenir des phrases et des mots issus de conversations ou d\u2019\u00e9v\u00e9nements.&nbsp;<\/li>\n\n\n\n<li><strong>Votre m\u00e9morisation des paroles <\/strong>que vous \u00eates capable de ressortir 1 an plus tard\u2026.<\/li>\n<\/ol>\n\n\n\n<p>Tel un muscle, la clair audience se travaille.<\/p>\n\n\n\n<ol class=\"wp-block-list\">\n<li>Les sons, voir quizz<\/li>\n\n\n\n<li>Anticiper la musique d\u2019une radio,<\/li>\n\n\n\n<li>Se focaliser sur une voix dans un brouha, d\u2019abord pres de nous, puis, une conversation, puis un peu plus loin,<\/li>\n\n\n\n<li>Se focaliser sur un instrument de musique dans une chanson,<\/li>\n\n\n\n<li>Dans une promenade, \u00e9couter les oiseaux, le vent dans les feuilles, une voiture au loin, etc\u2026 Et au retour de la promenade, on se rem\u00e9more ces instants sonore,<\/li>\n\n\n\n<li>Les photos, voir quizz, imagine les sons d\u2019une photo. Au bruits des animaux, de l\u2019eau, du vent,<\/li>\n\n\n\n<li>La m\u00e9ditation pos\u00e9, l\u2019algue, l\u2019observation, le monde blanc, coh\u00e9rence cardiaque peuvent vous poser pour enlever toutes les pens\u00e9es pourrite<\/li>\n\n\n\n<li>Assis(e) en silence dans une pi\u00e8ce, tendez l\u2019oreille et concentrez-vous sur les sons qui parviennent \u00e0 votre oreille. Essayez d&#8217;entendre le plus loin possible et de tenter de d\u00e9terminer d\u2019o\u00f9 viennent et que sont ces sons qui viennent de loin.<\/li>\n\n\n\n<li>sachez que d\u00e9velopper sa clairaudience est un exercice qui demande du calme pour capter les messages de vos guides.<\/li>\n\n\n\n<li>En d\u00e9finitive, le d\u00e9veloppement de la capacit\u00e9 de clairaudience doit reposer sur un v\u00e9ritable travail sur soi et encore plus sur un travail d\u2019acceptation.<\/li>\n<\/ol>\n","protected":false},"excerpt":{"rendered":"<p>CLAIR AUDIENCE K\u00e9sako\u00a0? En quelques mots, la clairaudience est li\u00e9e au&nbsp;sens de l\u2019audition. Un&nbsp;don extrasensoriel&nbsp;qui passe par l\u2019ou\u00efe. De mani\u00e8re g\u00e9n\u00e9rale, elle est associ\u00e9e aux m\u00e9diums et aux chamans. Pourtant, tout individu peut poss\u00e9der ce pouvoir qui se nourrit des bruits, des sons et de la musique. A noter, qu\u2019il peut y avoir plusieurs \u00ab&nbsp;voix&nbsp;\u00bb&nbsp;: [&hellip;]<\/p>\n","protected":false},"author":1,"featured_media":0,"parent":0,"menu_order":0,"comment_status":"closed","ping_status":"closed","template":"","meta":{"footnotes":""},"class_list":["post-54","page","type-page","status-publish","hentry"],"_links":{"self":[{"href":"https:\/\/retrouvetoi.fr\/index.php\/wp-json\/wp\/v2\/pages\/54","targetHints":{"allow":["GET"]}}],"collection":[{"href":"https:\/\/retrouvetoi.fr\/index.php\/wp-json\/wp\/v2\/pages"}],"about":[{"href":"https:\/\/retrouvetoi.fr\/index.php\/wp-json\/wp\/v2\/types\/page"}],"author":[{"embeddable":true,"href":"https:\/\/retrouvetoi.fr\/index.php\/wp-json\/wp\/v2\/users\/1"}],"replies":[{"embeddable":true,"href":"https:\/\/retrouvetoi.fr\/index.php\/wp-json\/wp\/v2\/comments?post=54"}],"version-history":[{"count":2,"href":"https:\/\/retrouvetoi.fr\/index.php\/wp-json\/wp\/v2\/pages\/54\/revisions"}],"predecessor-version":[{"id":64,"href":"https:\/\/retrouvetoi.fr\/index.php\/wp-json\/wp\/v2\/pages\/54\/revisions\/64"}],"wp:attachment":[{"href":"https:\/\/retrouvetoi.fr\/index.php\/wp-json\/wp\/v2\/media?parent=54"}],"curies":[{"name":"wp","href":"https:\/\/api.w.org\/{rel}","templated":true}]}}